{"id":13,"date":"2025-12-10T03:40:18","date_gmt":"2025-12-10T03:40:18","guid":{"rendered":"https:\/\/phunxamthuytrinh.com\/?page_id=13"},"modified":"2025-12-10T16:24:59","modified_gmt":"2025-12-10T16:24:59","slug":"lien-he","status":"publish","type":"page","link":"https:\/\/phunxamthuytrinh.com\/index.php\/lien-he\/","title":{"rendered":"Li\u00ean h\u00ea\u0323"},"content":{"rendered":"\t<section class=\"section sec-pagelh\" id=\"section_924633131\">\n\t\t<div class=\"bg section-bg fill bg-fill bg-loaded \" >\n\n\t\t\t\n\t\t\t\n\t\t\t\n\n\t\t<\/div>\n\n\t\t\n\n\t\t<div class=\"section-content relative\">\n\t\t\t\n\t<div id=\"gap-114489093\" class=\"gap-element clearfix\" style=\"display:block; height:auto;\">\n\t\t\n<style>\n#gap-114489093 {\n  padding-top: 30px;\n}\n<\/style>\n\t<\/div>\n\t\n<div class=\"row\"  id=\"row-2004552427\">\n\n\t<div id=\"col-1338920755\" class=\"col small-12 large-12\"  >\n\t\t\t\t<div class=\"col-inner box-shadow-1\" style=\"background-color:rgb(255, 255, 255);\" >\n\t\t\t\n\t\t\t\n<div class=\"row row-collapse align-middle row_content_lienhe\"  id=\"row-1322766107\">\n\n\t<div id=\"col-474056116\" class=\"col medium-12 small-12 large-6\"  >\n\t\t\t\t<div class=\"col-inner text-center\"  >\n\t\t\t\n\t\t\t\n<h2>Th\u00f4ng tin li\u00ean h\u1ec7<\/h2>\n<p><span style=\"color: #dfb32e;\"><strong>Phun X\u0103m Th\u1ea9m m\u1ef9 Th\u00f9y Trinh<\/strong><\/span> d\u00e0nh t\u1eb7ng ri\u00eang c\u00e1c su\u1ea5t \u01b0u \u0111\u00e3i l\u00e0m \u0111\u1eb9p khi kh\u00e1ch h\u00e0ng li\u00ean h\u1ec7 v\u1edbi ch\u00fang t\u00f4i qua th\u00f4ng tin d\u01b0\u1edbi \u0111\u00e2y.<\/p>\n\t<div id=\"gap-1182870532\" class=\"gap-element clearfix\" style=\"display:block; height:auto;\">\n\t\t\n<style>\n#gap-1182870532 {\n  padding-top: 10px;\n}\n<\/style>\n\t<\/div>\n\t\n<div class=\"row\"  id=\"row-168327726\">\n\n\t<div id=\"col-1809857669\" class=\"col medium-6 small-6 large-6\"  >\n\t\t\t\t<div class=\"col-inner text-center\"  >\n\t\t\t\n\t\t\t\n\n\t\t<div class=\"icon-box featured-box icon-box-left text-left\"  >\n\t\t\t\t\t<div class=\"icon-box-img\" style=\"width: 60px\">\n\t\t\t\t<div class=\"icon\">\n\t\t\t\t\t<div class=\"icon-inner\" >\n\t\t\t\t\t\t<img decoding=\"async\" width=\"300\" height=\"300\" src=\"https:\/\/phunxamthuytrinh.com\/wp-content\/uploads\/2025\/12\/icon_phone.png\" class=\"attachment-medium size-medium\" alt=\"Icon_Phone\" \/>\t\t\t\t\t<\/div>\n\t\t\t\t<\/div>\n\t\t\t<\/div>\n\t\t\t\t<div class=\"icon-box-text last-reset\">\n\t\t\t\t\t\t\t\t\t\n\t<div id=\"text-2327095588\" class=\"text\">\n\t\t\n<h3><span style=\"color: #dfb32e;\"><strong>Li\u00ean h\u1ec7 Hotline<\/strong><\/span><\/h3>\n<p>0339640106<\/p>\n\t\t\n<style>\n#text-2327095588 {\n  text-align: center;\n}\n<\/style>\n\t<\/div>\n\t\n\t\t<\/div>\n\t<\/div>\n\t\n\t\n\t\t<\/div>\n\t\t\t\t\t<\/div>\n\n\t\n\n\t<div id=\"col-637360427\" class=\"col medium-6 small-6 large-6\"  >\n\t\t\t\t<div class=\"col-inner text-center\"  >\n\t\t\t\n\t\t\t\n\n\t\t<div class=\"icon-box featured-box icon-box-left text-left\"  >\n\t\t\t\t\t<div class=\"icon-box-img\" style=\"width: 60px\">\n\t\t\t\t<div class=\"icon\">\n\t\t\t\t\t<div class=\"icon-inner\" >\n\t\t\t\t\t\t<img decoding=\"async\" width=\"300\" height=\"300\" src=\"https:\/\/phunxamthuytrinh.com\/wp-content\/uploads\/2025\/12\/icon_zalo.png\" class=\"attachment-medium size-medium\" alt=\"Icon_Zalo\" \/>\t\t\t\t\t<\/div>\n\t\t\t\t<\/div>\n\t\t\t<\/div>\n\t\t\t\t<div class=\"icon-box-text last-reset\">\n\t\t\t\t\t\t\t\t\t\n\t<div id=\"text-2374269236\" class=\"text\">\n\t\t\n<h3><span style=\"color: #dfb32e;\"><strong>Li\u00ean h\u1ec7 Zalo<\/strong><\/span><\/h3>\n<p>0905520106<\/p>\n\t\t\n<style>\n#text-2374269236 {\n  text-align: center;\n}\n<\/style>\n\t<\/div>\n\t\n\t\t<\/div>\n\t<\/div>\n\t\n\t\n\t\t<\/div>\n\t\t\t\t\t<\/div>\n\n\t\n<\/div>\n\t\t<\/div>\n\t\t\t\t\n<style>\n#col-474056116 > .col-inner {\n  padding: 50px 30px 10px 30px;\n}\n@media (min-width:550px) {\n  #col-474056116 > .col-inner {\n    padding: 60px 70px 30px 70px;\n  }\n}\n<\/style>\n\t<\/div>\n\n\t\n\n\t<div id=\"col-1820461531\" class=\"col col_map medium-12 small-12 large-6 medium-col-first\"  >\n\t\t\t\t<div class=\"col-inner\"  >\n\t\t\t\n\t\t\t\n\n<p><iframe src=\"https:\/\/www.google.com\/maps\/embed?pb=!1m18!1m12!1m3!1d3833.935073618384!2d108.20259407417974!3d16.06885863944976!2m3!1f0!2f0!3f0!3m2!1i1024!2i768!4f13.1!3m3!1m2!1s0x3142190fcf40395d%3A0x35487013ec3e1492!2zVmnhu4duIFBodW4gWMSDbSBUaOG6qW0gTeG7uSBUaMO5eSBUcmluaCAtIMSQw6AgTuG6tW5n!5e0!3m2!1sen!2s!4v1765382469458!5m2!1sen!2s\" width=\"100%\" height=\"474\" style=\"border:0; border-top-right-radius: 14px; border-bottom-right-radius: 14px;\" allowfullscreen=\"\" loading=\"lazy\" referrerpolicy=\"no-referrer-when-downgrade\"><\/iframe><br \/>\n\n\t\t<\/div>\n\t\t\t\t\t<\/div>\n\n\t\n<\/div>\n\t\t<\/div>\n\t\t\t\t\n<style>\n#col-1338920755 > .col-inner {\n  border-radius: 14px;\n}\n<\/style>\n\t<\/div>\n\n\t\n<\/div>\n\t\t<\/div>\n\n\t\t\n<style>\n#section_924633131 {\n  padding-top: 60px;\n  padding-bottom: 60px;\n}\n#section_924633131 .section-bg.bg-loaded {\n  background-image: url(https:\/\/phunxamthuytrinh.com\/wp-content\/uploads\/2025\/12\/trang-chu-new-logo-51.webp);\n}\n@media (min-width:850px) {\n  #section_924633131 {\n    padding-top: 90px;\n    padding-bottom: 90px;\n  }\n}\n<\/style>\n\t<\/section>\n\t\n","protected":false},"excerpt":{"rendered":"","protected":false},"author":1,"featured_media":0,"parent":0,"menu_order":0,"comment_status":"closed","ping_status":"closed","template":"page-blank.php","meta":{"footnotes":""},"class_list":["post-13","page","type-page","status-publish","hentry"],"_links":{"self":[{"href":"https:\/\/phunxamthuytrinh.com\/index.php\/wp-json\/wp\/v2\/pages\/13","targetHints":{"allow":["GET"]}}],"collection":[{"href":"https:\/\/phunxamthuytrinh.com\/index.php\/wp-json\/wp\/v2\/pages"}],"about":[{"href":"https:\/\/phunxamthuytrinh.com\/index.php\/wp-json\/wp\/v2\/types\/page"}],"author":[{"embeddable":true,"href":"https:\/\/phunxamthuytrinh.com\/index.php\/wp-json\/wp\/v2\/users\/1"}],"replies":[{"embeddable":true,"href":"https:\/\/phunxamthuytrinh.com\/index.php\/wp-json\/wp\/v2\/comments?post=13"}],"version-history":[{"count":11,"href":"https:\/\/phunxamthuytrinh.com\/index.php\/wp-json\/wp\/v2\/pages\/13\/revisions"}],"predecessor-version":[{"id":311,"href":"https:\/\/phunxamthuytrinh.com\/index.php\/wp-json\/wp\/v2\/pages\/13\/revisions\/311"}],"wp:attachment":[{"href":"https:\/\/phunxamthuytrinh.com\/index.php\/wp-json\/wp\/v2\/media?parent=13"}],"curies":[{"name":"wp","href":"https:\/\/api.w.org\/{rel}","templated":true}]}}